



{"id":83,"date":"2016-02-12T11:03:04","date_gmt":"2016-02-12T11:03:04","guid":{"rendered":"http:\/\/dibujo.webs.upv.es\/?page_id=83"},"modified":"2024-01-29T11:30:20","modified_gmt":"2024-01-29T10:30:20","slug":"material","status":"publish","type":"page","link":"https:\/\/dibujo.webs.upv.es\/grafica\/material\/","title":{"rendered":"Reserva de uso de equipos gr\u00e1fica  (fuera de horas de clase)"},"content":{"rendered":"<h1>RESERVA LABORATORIOS<\/h1>\n<h3>Fuera de horario de asignaturas.<\/h3>\n<p><strong>Acceso a los laboratorios de Serigraf\u00eda B-1-6, Litograf\u00eda B-1-8, Xilograf\u00eda B-1-12, Grabado calcogr\u00e1fico B-1-14.\u00a0<\/strong><\/p>\n<p>Condiciones pr\u00e9stamo<\/p>\n<p>El acceso a las aulas fuera de horario lectivo est\u00e1 reservado exclusivamente para alumnos que cursen <u>asignaturas del \u00e1rea de gr\u00e1fica<\/u> del departamento de Dibujo y para alumnos de<u> TFG, TFM y tercer ciclo<\/u> que no tengan docencia reglada en la actualidad y que necesiten utilizar los talleres para finalizar sus proyectos de investigaci\u00f3n.<\/p>\n<p>Se necesita el aval del tutor del Departamento de Dibujo para el acceso libre a los talleres de gr\u00e1fica. El acceso a los mismos queda restringido solo a los alumnos que tengan un conocimiento demostrado del uso y mantenimiento de la maquinaria e instalaciones del aula.<\/p>\n<h3>Material disponible:<\/h3>\n","protected":false},"excerpt":{"rendered":"<p>RESERVA LABORATORIOS Fuera de horario de asignaturas. Acceso a los laboratorios de Serigraf\u00eda B-1-6, Litograf\u00eda B-1-8, Xilograf\u00eda B-1-12, Grabado calcogr\u00e1fico [&hellip;]<\/p>\n","protected":false},"author":1,"featured_media":0,"parent":0,"menu_order":0,"comment_status":"closed","ping_status":"closed","template":"template-frontpage-grid-filter-asignaturas.php","meta":{"_acf_changed":false,"footnotes":""},"class_list":["post-83","page","type-page","status-publish","hentry"],"acf":[],"_links":{"self":[{"href":"https:\/\/dibujo.webs.upv.es\/grafica\/wp-json\/wp\/v2\/pages\/83","targetHints":{"allow":["GET"]}}],"collection":[{"href":"https:\/\/dibujo.webs.upv.es\/grafica\/wp-json\/wp\/v2\/pages"}],"about":[{"href":"https:\/\/dibujo.webs.upv.es\/grafica\/wp-json\/wp\/v2\/types\/page"}],"author":[{"embeddable":true,"href":"https:\/\/dibujo.webs.upv.es\/grafica\/wp-json\/wp\/v2\/users\/1"}],"replies":[{"embeddable":true,"href":"https:\/\/dibujo.webs.upv.es\/grafica\/wp-json\/wp\/v2\/comments?post=83"}],"version-history":[{"count":30,"href":"https:\/\/dibujo.webs.upv.es\/grafica\/wp-json\/wp\/v2\/pages\/83\/revisions"}],"predecessor-version":[{"id":1312,"href":"https:\/\/dibujo.webs.upv.es\/grafica\/wp-json\/wp\/v2\/pages\/83\/revisions\/1312"}],"wp:attachment":[{"href":"https:\/\/dibujo.webs.upv.es\/grafica\/wp-json\/wp\/v2\/media?parent=83"}],"curies":[{"name":"wp","href":"https:\/\/api.w.org\/{rel}","templated":true}]}}